{"id":582,"date":"2017-06-23T10:19:11","date_gmt":"2017-06-23T09:19:11","guid":{"rendered":"https:\/\/powellflutes.buffet-multisite.buffet-preprod-02.modulodigital.com\/about-us\/"},"modified":"2017-12-05T14:00:04","modified_gmt":"2017-12-05T13:00:04","slug":"about-us","status":"publish","type":"page","link":"http:\/\/powellflutes.buffet-multisite.buffet-preprod-02.modulodigital.com\/de\/about-us\/","title":{"rendered":"\u00dcber uns"},"content":{"rendered":"<p><center><img loading=\"lazy\" decoding=\"async\" src=\"https:\/\/powellflutes.buffet-multisite.buffet-preprod-02.modulodigital.com\/wp-content\/uploads\/sites\/13\/2017\/06\/powellflutes_aboutus_factory.jpg\" alt=\"\" width=\"950\" height=\"600\" \/><\/center><br \/>\nWenn Besucher in unsere Powell Werkst\u00e4tte kommen, sind viele aus einer Vielfalt von Gr\u00fcnden \u00fcberrascht: wegen des allumfassenden und richtunggebenden Wesens des Fl\u00f6tenbaus oder wegen der Anzahl der in unserer Werkst\u00e4tte besch\u00e4ftigten Mitarbeiter. Aber was die Besucher am meisten \u00fcberrascht, ist, dass es keine Regale und weitere Regale voller Fl\u00f6ten gibt. In Fortf\u00fchrung der 1927 begonnenen Tradition werden Powell Fl\u00f6ten nur auf Bestellung gefertigt. Das ist, vielleicht, einer der sch\u00f6nsten Aspekte unserer Instrumente. Wir fertigen nur Instrumente, die von unseren Kunden in Auftrag gegeben wurden. Nach der Fertigstellung wird jede Fl\u00f6te an den bereits wartenden Fl\u00f6tisten versandt.<\/p>\n<p>Um die Fertigung zeitlich korrekt am Laufen zu halten, verf\u00fcgen wir \u00fcber einen gewissen Bestand an Bestandteilen und Material. Unsere Maschinenabteilung fertigt laufend die Teile, die f\u00fcr unsere handgefertigten Fl\u00f6ten notwendig sind: Tonl\u00f6cher, Klappendeckel, Arme, Ringe, Schienen, S\u00e4ulchen und Kopfschrauben. Nach dem Eingang einer Bestellung beschaffen wir alle Materialien, die f\u00fcr die jeweilige Fl\u00f6te erforderlich sind. Dann beginnt der Handfertigungsprozess.<\/p>\n<p>Zuerst bringt die Korpusabteilung die Tonl\u00f6cher am R\u00f6hrensystem an &#8211; entweder gezogen oder gel\u00f6tet &#8211; alles manuell. Jedes gel\u00f6tete Tonloch wird nach Ma\u00df in die Korpusr\u00f6hren per Hand eingepasst. Danach werden die Schienen und die S\u00e4ulchen zusammengesetzt und am Korpus montiert. Abschlie\u00dfend wird ein Verbindungsst\u00fcck und eine Fu\u00dfst\u00fcckbox gemeinsam mit Endringen angef\u00fcgt. Die Korpusabteilung legt die Fundamente, auf denen der Rest der Fl\u00f6te aufgebaut wird. Jedes Abweichen von der h\u00f6chsten Pr\u00e4zision ist inakzeptabel.<\/p>\n<p>[envira-gallery id=&#8220;267&#8243;]<\/p>\n<p>Wenn der Korpus \u00fcberpr\u00fcft wurde, gelangt er in die Abteilung, welche die Fl\u00f6te mit der Tonmechanik ausstattet (Besaitungsabteilung\/Stringingabteilung). Stringing (\u201eBesaitung\u201c) ist der Ausdruck, der f\u00fcr die Fertigung der Mechanik gebraucht wird. Bei Custom Fl\u00f6ten fertigt ein einziger Stringer (\u201eBesaiter\u201c) die gesamte Mechanik f\u00fcr jede einzelne Fl\u00f6te. Unsere Conservatory und Signature Fl\u00f6ten werden per Hand in Teams mit der Mechanik versehen. Unter Verwendung einer Kombination aus gefr\u00e4sten, gegossenen und gestanzten Teilen fertigt der Stringer (\u201eBesaiter\u201c) jede Klappe in \u00dcbereinstimmung mit der \u00fcbrigen Mechanik. Jede Klappe wird einzeln mit den anderen Klappen verbunden. Die Stringer (\u201eBesaiter\u201c) formen eine handgefertigte Mechanik nach Jahrzehnten an Erfahrung. Die Form und der Sitz jeder einzelnen Klappe muss einem mechanischen und ergonomischen Zweck dienen. Die Geometrie muss genau stimmen. Die \u00c4sthetik muss kunstvoll und sch\u00f6n sein.<\/p>\n<p>Der Kopfst\u00fcckhersteller setzt die drei Grundteile jedes Kopfst\u00fcckes &#8211; die R\u00f6hre, die Wandung und die Mundlochplatte &#8211; zusammen. Jede R\u00f6hre wird zu einem pr\u00e4zisen Kegel gezogen, bevor die Hauptteile des Kopfst\u00fcckes zusammengel\u00f6tet werden. Danach beginnt der Hersteller mit dem Schnittvorgang. Unsere Wandungsg\u00fcsse werden mit pr\u00e4zise eingelassenen Winkeln und Ma\u00dfen gefertigt, dennoch ist die Arbeit des Kopfst\u00fcckschneiders essentiell. Der Kopfst\u00fcckschneider arbeitet nur mit einigen einfachen Handwerkzeugen, trotzdem verleiht er jedem Kopfst\u00fcck sein eigenes, besonderes Leben und seinen eigenen Charakter. Die Vielfalt der Ausf\u00fchrungen erfordert, dass der Kopfst\u00fcckschneider sehr pr\u00e4zise hinsichtlich seiner Techniken und seines Geh\u00f6rs sein muss. Bevor das Kopfst\u00fcck fertiggestellt wird, wird es gespielt, um die Klangcharakteristika zu \u00fcberpr\u00fcfen und um sicherzustellen, dass jedes unseren Klangidealen entspricht.<\/p>\n<p>[envira-gallery id=&#8220;397&#8243;]<\/p>\n<p>Vor der nahenden Fertigstellung werden der Fl\u00f6tenkorpus und die Mechanik poliert, bevor die Endfertigungsabteilung die Klappen mit Polstern ausstattet und Feinabstimmungen vornimmt. Zum ersten Mal wird das Instrument in zusammengesetztem Zustand gespielt und in mehreren Testdurchg\u00e4ngen \u00fcberpr\u00fcft. Die Polster werden auf ein halbes Tausendstel eines Zolls angepasst, ein Ma\u00df, das d\u00fcnner als ein menschliches Haar ist. Jeder Korken wird per Hand geformt, um pr\u00e4zise am Korpus zu sitzen. Die Federspannung wird akribisch eingestellt, um ein weiches und gleichm\u00e4\u00dfiges Gef\u00fchl sicherzustellen.<\/p>\n<p>Wenn die Fl\u00f6te fertig zum Versand ist, wird sie nach Ma\u00df in ein franz\u00f6sisches Lederetui mit Etuiabdeckung eingepasst und ist somit bereit f\u00fcr ein lebenslanges Musizieren.<\/p>\n","protected":false},"excerpt":{"rendered":"<p>Wenn Besucher in unsere Powell Werkst\u00e4tte kommen, sind viele aus einer Vielfalt von Gr\u00fcnden \u00fcberrascht: wegen des allumfassenden und richtunggebenden Wesens des Fl\u00f6tenbaus oder wegen der Anzahl der in unserer Werkst\u00e4tte besch\u00e4ftigten Mitarbeiter. Aber was die Besucher am meisten \u00fcberrascht, ist, dass es keine Regale und weitere Regale voller Fl\u00f6ten gibt. In Fortf\u00fchrung der 1927 [&hellip;]<\/p>\n","protected":false},"author":23,"featured_media":0,"parent":0,"menu_order":0,"comment_status":"closed","ping_status":"closed","template":"","meta":{"_acf_changed":false,"_relevanssi_hide_post":"","_relevanssi_pin_for_all":"","_relevanssi_pin_keywords":"","_relevanssi_unpin_keywords":"","_relevanssi_related_keywords":"","_relevanssi_related_include_ids":"","_relevanssi_related_exclude_ids":"","_relevanssi_related_no_append":"","_relevanssi_related_not_related":"","_relevanssi_related_posts":"","_relevanssi_noindex_reason":"","footnotes":""},"class_list":["post-582","page","type-page","status-publish","hentry"],"acf":[],"_links":{"self":[{"href":"http:\/\/powellflutes.buffet-multisite.buffet-preprod-02.modulodigital.com\/de\/wp-json\/wp\/v2\/pages\/582","targetHints":{"allow":["GET"]}}],"collection":[{"href":"http:\/\/powellflutes.buffet-multisite.buffet-preprod-02.modulodigital.com\/de\/wp-json\/wp\/v2\/pages"}],"about":[{"href":"http:\/\/powellflutes.buffet-multisite.buffet-preprod-02.modulodigital.com\/de\/wp-json\/wp\/v2\/types\/page"}],"author":[{"embeddable":true,"href":"http:\/\/powellflutes.buffet-multisite.buffet-preprod-02.modulodigital.com\/de\/wp-json\/wp\/v2\/users\/23"}],"replies":[{"embeddable":true,"href":"http:\/\/powellflutes.buffet-multisite.buffet-preprod-02.modulodigital.com\/de\/wp-json\/wp\/v2\/comments?post=582"}],"version-history":[{"count":2,"href":"http:\/\/powellflutes.buffet-multisite.buffet-preprod-02.modulodigital.com\/de\/wp-json\/wp\/v2\/pages\/582\/revisions"}],"predecessor-version":[{"id":676,"href":"http:\/\/powellflutes.buffet-multisite.buffet-preprod-02.modulodigital.com\/de\/wp-json\/wp\/v2\/pages\/582\/revisions\/676"}],"wp:attachment":[{"href":"http:\/\/powellflutes.buffet-multisite.buffet-preprod-02.modulodigital.com\/de\/wp-json\/wp\/v2\/media?parent=582"}],"curies":[{"name":"wp","href":"https:\/\/api.w.org\/{rel}","templated":true}]}}